{"id":18822,"date":"2023-02-21T11:13:58","date_gmt":"2023-02-21T11:13:58","guid":{"rendered":"https:\/\/gilamargos.com\/testimoniales\/"},"modified":"2025-07-31T16:32:56","modified_gmt":"2025-07-31T16:32:56","slug":"testimoniales","status":"publish","type":"page","link":"https:\/\/gilamargos.com\/es\/testimoniales","title":{"rendered":"Testimoniales"},"content":{"rendered":"\t\t<div data-elementor-type=\"wp-page\" data-elementor-id=\"18822\" class=\"elementor elementor-18822 elementor-18194\" data-elementor-post-type=\"page\">\n\t\t\t\t\t\t<section class=\"elementor-section elementor-top-section elementor-element elementor-element-8908767 elementor-section-boxed elementor-section-height-default elementor-section-height-default\" data-id=\"8908767\" data-element_type=\"section\" data-e-type=\"section\">\n\t\t\t\t\t\t<div class=\"elementor-container elementor-column-gap-default\">\n\t\t\t\t\t<div class=\"elementor-column elementor-col-100 elementor-top-column elementor-element elementor-element-c1b947a\" data-id=\"c1b947a\" data-element_type=\"column\" data-e-type=\"column\">\n\t\t\t<div class=\"elementor-widget-wrap elementor-element-populated\">\n\t\t\t\t\t\t<div class=\"elementor-element elementor-element-b746693 elementor-widget elementor-widget-slider_revolution\" data-id=\"b746693\" data-element_type=\"widget\" data-e-type=\"widget\" data-widget_type=\"slider_revolution.default\">\n\t\t\t\t<div class=\"elementor-widget-container\">\n\t\t\t\t\t\n\t\t<div class=\"wp-block-themepunch-revslider\">\n\t\t\t<!-- START Testimonials_esp REVOLUTION SLIDER 6.6.9 --><p class=\"rs-p-wp-fix\"><\/p>\n\t\t\t<rs-module-wrap id=\"rev_slider_17_1_wrapper\" data-source=\"gallery\" style=\"visibility:hidden;background:transparent;padding:0;margin:0px auto;margin-top:0;margin-bottom:0;\">\n\t\t\t\t<rs-module id=\"rev_slider_17_1\" style=\"\" data-version=\"6.6.9\">\n\t\t\t\t\t<rs-slides style=\"overflow: hidden; position: absolute;\">\n\t\t\t\t\t\t<rs-slide style=\"position: absolute;\" data-key=\"rs-26\" data-title=\"Slide\" data-in=\"o:0;\" data-out=\"a:false;\">\n\t\t\t\t\t\t\t<img decoding=\"async\" src=\"\/\/gilamargos.com\/wp-content\/plugins\/revslider\/public\/assets\/assets\/dummy.png\" alt=\"\" title=\"cabecera_opiniones_solo_foto\" width=\"2560\" height=\"551\" class=\"rev-slidebg tp-rs-img rs-lazyload\" data-lazyload=\"\/\/gilamargos.com\/wp-content\/uploads\/2023\/02\/cabecera_opiniones_solo_foto-scaled.jpg\" data-bg=\"p:center top;\" data-no-retina>\n<!--\n\t\t\t\t\t\t\t--><rs-layer\n\t\t\t\t\t\t\t\tid=\"slider-17-slide-26-layer-5\" \n\t\t\t\t\t\t\t\tdata-type=\"text\"\n\t\t\t\t\t\t\t\tdata-color=\"#0095d7\"\n\t\t\t\t\t\t\t\tdata-rsp_ch=\"on\"\n\t\t\t\t\t\t\t\tdata-xy=\"x:c;xo:0,0,0,9px;y:m;yo:0,0,0,1px;\"\n\t\t\t\t\t\t\t\tdata-text=\"w:normal;s:20,20,20,18;l:25,25,25,6;fw:700;a:center;\"\n\t\t\t\t\t\t\t\tdata-frame_999=\"o:0;st:w;\"\n\t\t\t\t\t\t\t\tstyle=\"z-index:7;font-family:'Roboto';\"\n\t\t\t\t\t\t\t>TESTIMONIALES \n\t\t\t\t\t\t\t<\/rs-layer><!--\n\n\t\t\t\t\t\t\t--><rs-layer\n\t\t\t\t\t\t\t\tid=\"slider-17-slide-26-layer-6\" \n\t\t\t\t\t\t\t\tdata-type=\"shape\"\n\t\t\t\t\t\t\t\tdata-rsp_ch=\"on\"\n\t\t\t\t\t\t\t\tdata-xy=\"x:c;xo:0,0,0,4px;y:m;yo:0,0,0,1px;\"\n\t\t\t\t\t\t\t\tdata-text=\"w:normal;s:20,20,20,4;l:0,0,0,6;\"\n\t\t\t\t\t\t\t\tdata-dim=\"w:202px,202px,202px,314px;h:67px,67px,67px,65px;\"\n\t\t\t\t\t\t\t\tdata-frame_999=\"o:0;st:w;\"\n\t\t\t\t\t\t\t\tstyle=\"z-index:6;background-color:#ffffff;\"\n\t\t\t\t\t\t\t> \n\t\t\t\t\t\t\t<\/rs-layer><!--\n-->\t\t\t\t\t\t<\/rs-slide>\n\t\t\t\t\t<\/rs-slides>\n\t\t\t\t<\/rs-module>\n\t\t\t\t<script>\n\t\t\t\t\tsetREVStartSize({c: 'rev_slider_17_1',rl:[1240,1240,1240,480],el:[440,440,440,400],gw:[1920,1920,1920,480],gh:[440,440,440,400],type:'standard',justify:'',layout:'fullwidth',mh:\"0\"});if (window.RS_MODULES!==undefined && window.RS_MODULES.modules!==undefined && window.RS_MODULES.modules[\"revslider171\"]!==undefined) {window.RS_MODULES.modules[\"revslider171\"].once = false;window.revapi17 = undefined;if (window.RS_MODULES.checkMinimal!==undefined) window.RS_MODULES.checkMinimal()}\n\t\t\t\t<\/script>\n\t\t\t<\/rs-module-wrap>\n\t\t\t<!-- END REVOLUTION SLIDER -->\n<\/div>\n\n\t\t\t\t\t\t<\/div>\n\t\t\t\t<\/div>\n\t\t\t\t\t<\/div>\n\t\t<\/div>\n\t\t\t\t\t<\/div>\n\t\t<\/section>\n\t\t\t\t<section class=\"elementor-section elementor-top-section elementor-element elementor-element-86d5b7e elementor-section-boxed elementor-section-height-default elementor-section-height-default\" data-id=\"86d5b7e\" data-element_type=\"section\" data-e-type=\"section\">\n\t\t\t\t\t\t<div class=\"elementor-container elementor-column-gap-default\">\n\t\t\t\t\t<div class=\"elementor-column elementor-col-100 elementor-top-column elementor-element elementor-element-ca93c74\" data-id=\"ca93c74\" data-element_type=\"column\" data-e-type=\"column\">\n\t\t\t<div class=\"elementor-widget-wrap elementor-element-populated\">\n\t\t\t\t\t\t<div class=\"elementor-element elementor-element-432ff31 elementor-widget elementor-widget-text-editor\" data-id=\"432ff31\" data-element_type=\"widget\" data-e-type=\"widget\" data-widget_type=\"text-editor.default\">\n\t\t\t\t<div class=\"elementor-widget-container\">\n\t\t\t\t\t\t\t\t\t<p style=\"text-align: center;\"><strong>Hoy, Gil Amarg\u00f3s es sin\u00f3nimo de gesti\u00f3n inmobiliaria integral y de confianza. Estamos a tu lado desde el alquiler, la compraventa, la gesti\u00f3n de comunidades y la gesti\u00f3n de patrimonios inmobiliarios y alquileres, para ofrecerte lo que necesitas.<\/strong><\/p>\n\t\t\t\t\t\t\t\t<\/div>\n\t\t\t\t<\/div>\n\t\t\t\t\t<\/div>\n\t\t<\/div>\n\t\t\t\t\t<\/div>\n\t\t<\/section>\n\t\t\t\t<section class=\"elementor-section elementor-top-section elementor-element elementor-element-5ba69ea elementor-section-boxed elementor-section-height-default elementor-section-height-default\" data-id=\"5ba69ea\" data-element_type=\"section\" data-e-type=\"section\">\n\t\t\t\t\t\t<div class=\"elementor-container elementor-column-gap-default\">\n\t\t\t\t\t<div class=\"elementor-column elementor-col-100 elementor-top-column elementor-element elementor-element-0b5fb2c\" data-id=\"0b5fb2c\" data-element_type=\"column\" data-e-type=\"column\">\n\t\t\t<div class=\"elementor-widget-wrap elementor-element-populated\">\n\t\t\t\t\t\t<div class=\"elementor-element elementor-element-3e567af elementor-widget elementor-widget-heading\" data-id=\"3e567af\" data-element_type=\"widget\" data-e-type=\"widget\" data-widget_type=\"heading.default\">\n\t\t\t\t<div class=\"elementor-widget-container\">\n\t\t\t\t\t<h3 class=\"elementor-heading-title elementor-size-default\">En palabras de nuestros clientes...<\/h3>\t\t\t\t<\/div>\n\t\t\t\t<\/div>\n\t\t\t\t<div class=\"elementor-element elementor-element-c883774 elementor-widget elementor-widget-text-editor\" data-id=\"c883774\" data-element_type=\"widget\" data-e-type=\"widget\" data-widget_type=\"text-editor.default\">\n\t\t\t\t<div class=\"elementor-widget-container\">\n\t\t\t\t\t\t\t\t\t<p>\u201cNos hemos sentido muy c\u00f3modos durante todo el proceso de alquiler de la vivienda. Desde la primera entrevista y visita al piso, tuvimos de inmediato una sensaci\u00f3n de proximidad y confianza que fue clave.\u201d<\/p>\n<p><strong>Enrique Alvarez i Ana Garcia<\/strong><\/p>\n\t\t\t\t\t\t\t\t<\/div>\n\t\t\t\t<\/div>\n\t\t\t\t<div class=\"elementor-element elementor-element-1273980 elementor-widget elementor-widget-text-editor\" data-id=\"1273980\" data-element_type=\"widget\" data-e-type=\"widget\" data-widget_type=\"text-editor.default\">\n\t\t\t\t<div class=\"elementor-widget-container\">\n\t\t\t\t\t\t\t\t\t<p>\u201cMuy satisfecha desde el minuto cero con todo el equipo comercial. Atentos y eficaces.\u201d<\/p>\n<p><strong>Ana Maria Ramos<\/strong><\/p>\n\t\t\t\t\t\t\t\t<\/div>\n\t\t\t\t<\/div>\n\t\t\t\t<div class=\"elementor-element elementor-element-98d0388 elementor-widget elementor-widget-text-editor\" data-id=\"98d0388\" data-element_type=\"widget\" data-e-type=\"widget\" data-widget_type=\"text-editor.default\">\n\t\t\t\t<div class=\"elementor-widget-container\">\n\t\t\t\t\t\t\t\t\t<p>\u201cMuy buenos profesionales y con un trato muy cercano. Se preocuparon y ocuparon de todo lo necesario para llevar a cabo la operaci\u00f3n de venta. \u00a1Gracias!\u201d<\/p>\n<p><strong>Ingrid S\u00e1nchez-Di\u00e9zma Guijarro<\/strong><\/p>\n\t\t\t\t\t\t\t\t<\/div>\n\t\t\t\t<\/div>\n\t\t\t\t<div class=\"elementor-element elementor-element-ec10a4b elementor-widget elementor-widget-text-editor\" data-id=\"ec10a4b\" data-element_type=\"widget\" data-e-type=\"widget\" data-widget_type=\"text-editor.default\">\n\t\t\t\t<div class=\"elementor-widget-container\">\n\t\t\t\t\t\t\t\t\t<p>\u201cNos mostr\u00f3 el piso las veces que solicitamos. Se llevaron de forma muy profesional y siempre a nuestra disposici\u00f3n. Perode lo que m\u00e1s disfrutamos fue de su trato personal y su amabilidad en todo momento. \u00a1Muchas gracias por todo!\u201d<\/p>\n<p><strong>Daniel i Nunu<\/strong><\/p>\n\t\t\t\t\t\t\t\t<\/div>\n\t\t\t\t<\/div>\n\t\t\t\t<div class=\"elementor-element elementor-element-a459f88 elementor-widget elementor-widget-text-editor\" data-id=\"a459f88\" data-element_type=\"widget\" data-e-type=\"widget\" data-widget_type=\"text-editor.default\">\n\t\t\t\t<div class=\"elementor-widget-container\">\n\t\t\t\t\t\t\t\t\t<p>\u201cAtentos y amables, siempre han sabido encontrar la respuesta r\u00e1pida y adecuada a las necesidades expresadas por ambas partes. Recomendables.\u201d<\/p>\n<p><strong>Pere Nolasc Turu<\/strong><\/p>\n\t\t\t\t\t\t\t\t<\/div>\n\t\t\t\t<\/div>\n\t\t\t\t<div class=\"elementor-element elementor-element-e667cfd elementor-widget elementor-widget-text-editor\" data-id=\"e667cfd\" data-element_type=\"widget\" data-e-type=\"widget\" data-widget_type=\"text-editor.default\">\n\t\t\t\t<div class=\"elementor-widget-container\">\n\t\t\t\t\t\t\t\t\t<p>\u201cMi experiencia est\u00e1 resultando positiva en todos sus aspectos. Se trata de gente seria, amable y resolutiva. No enga\u00f1an y aconsejan de manera completamente objetiva. Recomendables 100%.\u201d<\/p>\n<p><strong>Ingrid Carson Ibeas<\/strong><\/p>\n\t\t\t\t\t\t\t\t<\/div>\n\t\t\t\t<\/div>\n\t\t\t\t\t<\/div>\n\t\t<\/div>\n\t\t\t\t\t<\/div>\n\t\t<\/section>\n\t\t\t\t<section class=\"elementor-section elementor-top-section elementor-element elementor-element-c711179 elementor-section-full_width elementor-section-height-default elementor-section-height-default\" data-id=\"c711179\" data-element_type=\"section\" data-e-type=\"section\" data-settings=\"{&quot;background_background&quot;:&quot;classic&quot;}\">\n\t\t\t\t\t\t<div class=\"elementor-container elementor-column-gap-default\">\n\t\t\t\t\t<div class=\"elementor-column elementor-col-100 elementor-top-column elementor-element elementor-element-d8e09cc\" data-id=\"d8e09cc\" data-element_type=\"column\" data-e-type=\"column\">\n\t\t\t<div class=\"elementor-widget-wrap elementor-element-populated\">\n\t\t\t\t\t\t<section class=\"elementor-section elementor-inner-section elementor-element elementor-element-3275e7f elementor-section-boxed elementor-section-height-default elementor-section-height-default\" data-id=\"3275e7f\" data-element_type=\"section\" data-e-type=\"section\" data-settings=\"{&quot;background_background&quot;:&quot;classic&quot;}\">\n\t\t\t\t\t\t<div class=\"elementor-container elementor-column-gap-default\">\n\t\t\t\t\t<div class=\"elementor-column elementor-col-100 elementor-inner-column elementor-element elementor-element-e39e689\" data-id=\"e39e689\" data-element_type=\"column\" data-e-type=\"column\">\n\t\t\t<div class=\"elementor-widget-wrap elementor-element-populated\">\n\t\t\t\t\t\t<div class=\"elementor-element elementor-element-fee6425 elementor-widget elementor-widget-heading\" data-id=\"fee6425\" data-element_type=\"widget\" data-e-type=\"widget\" data-widget_type=\"heading.default\">\n\t\t\t\t<div class=\"elementor-widget-container\">\n\t\t\t\t\t<h3 class=\"elementor-heading-title elementor-size-default\">\u00bfQUIERES VENDER O ALQUILAR UNA PROPIEDAD?<\/h3>\t\t\t\t<\/div>\n\t\t\t\t<\/div>\n\t\t\t\t<div class=\"elementor-element elementor-element-65eb892 elementor-widget elementor-widget-text-editor\" data-id=\"65eb892\" data-element_type=\"widget\" data-e-type=\"widget\" data-widget_type=\"text-editor.default\">\n\t\t\t\t<div class=\"elementor-widget-container\">\n\t\t\t\t\t\t\t\t\t<p style=\"text-align: center;\">Con Gil Amarg\u00f3s seguro que har\u00e1s un buen negocio<br \/>Preg\u00fantanos todo lo que quieras saber, te responderemos:<\/p>\n\t\t\t\t\t\t\t\t<\/div>\n\t\t\t\t<\/div>\n\t\t\t\t<div class=\"elementor-element elementor-element-c99da21 elementor-button-align-center elementor-widget elementor-widget-houzez_elementor_contact_form\" data-id=\"c99da21\" data-element_type=\"widget\" data-e-type=\"widget\" data-widget_type=\"houzez_elementor_contact_form.default\">\n\t\t\t\t<div class=\"elementor-widget-container\">\n\t\t\t\t\t\n        <script type=\"application\/javascript\">\n            jQuery(document).bind(\"ready\", function () {\n                houzezValidateElementor(\"#houzez-form-c99da21\" );\n            });\n        <\/script>\n\n        <form class=\"elementor-form houzez-ele-form-js\" id=\"houzez-form-c99da21\" method=\"post\" name=\"Formulario\" action=\"https:\/\/gilamargos.com\/wp-admin\/admin-ajax.php\">\n            <input type=\"hidden\" name=\"form_id\" value=\"c99da21\"\/>\n            <input type=\"hidden\" name=\"houzez_contact_form\" value=\"yes\"\/>\n            <input type=\"hidden\" name=\"action\" value=\"houzez_ele_contact_form\" \/>\n            <input type=\"hidden\" name=\"source_link\" value=\"https:\/\/gilamargos.com\/es\/testimoniales\" \/>\n            <input type=\"hidden\" name=\"lead_page_id\" value=\"18822\" \/>\n            <input type=\"hidden\" name=\"webhook\" value=\"false\" \/>\n            <input type=\"hidden\" name=\"webhook_url\" value=\"\" \/>\n            <input type=\"hidden\" name=\"redirect_to\" value=\"\" \/>\n            <input type=\"hidden\" name=\"google_recaptcha\" value=\"false\" \/>\n            \n\n            <div class=\"elementor-form-fields-wrapper elementor-labels-above\">\n\n                                    <div class=\"elementor-field-group elementor-column form-group elementor-field-group-name elementor-col-100\">\n                    <input type=\"text\" name=\"name\" id=\"form-field-name\" class=\"elementor-field form-control elementor-size-sm elementor-field-textual\" placeholder=\"Nombre\" title=\"* Nombre\">                    <\/div>\n\n                                        <div class=\"elementor-field-group elementor-column form-group elementor-field-group-email elementor-col-100 elementor-field-required\">\n                    <input type=\"email\" name=\"email\" id=\"form-field-email\" class=\"elementor-field form-control elementor-size-sm elementor-field-textual\" placeholder=\"Correo electr\u00f3nico\" title=\"* Correo electr\u00f3nico\" required=\"required\">                    <\/div>\n\n                                        <div class=\"elementor-field-group elementor-column form-group elementor-field-group-message elementor-col-100\">\n                    <textarea class=\"elementor-field-textual elementor-field elementor-size-sm\" name=\"message\" id=\"form-field-message\" rows=\"4\" placeholder=\"Mensaje\"><\/textarea>                    <\/div>\n\n                    \n                    \n                    \n                    \n                    <div class=\"elementor-field-group elementor-column elementor-field-type-submit elementor-col-100\">\n                    <button type=\"submit\" class=\"houzez-submit-button houzez-contact-form-js elementor-button elementor-size-sm\">\n                        <i class=\"houzez-loader-js houzez-hidden spinner-border spinner-border-sm\"><\/i>\n                                                    Enviar                                            <\/button>\n                <\/div>\n            <\/div><!-- End wrapper-->\n            <br\/>\n            <div class=\"ele-form-messages\"><\/div>\n            <div class=\"error-container\"><\/div>\n\n        <\/form>\n\n    \t\t\t\t<\/div>\n\t\t\t\t<\/div>\n\t\t\t\t\t<\/div>\n\t\t<\/div>\n\t\t\t\t\t<\/div>\n\t\t<\/section>\n\t\t\t\t\t<\/div>\n\t\t<\/div>\n\t\t\t\t\t<\/div>\n\t\t<\/section>\n\t\t\t\t<\/div>\n\t\t","protected":false},"excerpt":{"rendered":"<p>Hoy, Gil Amarg\u00f3s es sin\u00f3nimo de gesti\u00f3n inmobiliaria integral y de confianza. Estamos a tu lado desde el alquiler, la compraventa, la gesti\u00f3n de comunidades y la gesti\u00f3n de patrimonios inmobiliarios y alquileres, para ofrecerte lo que necesitas. En palabras de nuestros clientes&#8230; \u201cNos hemos sentido muy c\u00f3modos durante todo el proceso de alquiler de [&hellip;]<\/p>\n","protected":false},"author":1,"featured_media":0,"parent":0,"menu_order":0,"comment_status":"closed","ping_status":"closed","template":"template\/template-homepage.php","meta":{"footnotes":""},"class_list":["post-18822","page","type-page","status-publish","hentry"],"yoast_head":"<!-- This site is optimized with the Yoast SEO plugin v27.3 - https:\/\/yoast.com\/product\/yoast-seo-wordpress\/ -->\n<title>Opiniones sobre gesti\u00f3n inmobiliaria en Barcelona<\/title>\n<meta name=\"description\" content=\"Descubre opiniones reales sobre gesti\u00f3n inmobiliaria en Barcelona. Conoce experiencias de clientes y elige la mejor inmobiliaria con confianza.\" \/>\n<meta name=\"robots\" content=\"index, follow, max-snippet:-1, max-image-preview:large, max-video-preview:-1\" \/>\n<link rel=\"canonical\" href=\"https:\/\/gilamargos.com\/es\/testimoniales\" \/>\n<meta property=\"og:locale\" content=\"es_ES\" \/>\n<meta property=\"og:type\" content=\"article\" \/>\n<meta property=\"og:title\" content=\"Opiniones sobre gesti\u00f3n inmobiliaria en Barcelona\" \/>\n<meta property=\"og:description\" content=\"Descubre opiniones reales sobre gesti\u00f3n inmobiliaria en Barcelona. Conoce experiencias de clientes y elige la mejor inmobiliaria con confianza.\" \/>\n<meta property=\"og:url\" content=\"https:\/\/gilamargos.com\/es\/testimoniales\" \/>\n<meta property=\"og:site_name\" content=\"Gil Amarg\u00f3s\" \/>\n<meta property=\"article:publisher\" content=\"https:\/\/www.facebook.com\/gilamargos\" \/>\n<meta property=\"article:modified_time\" content=\"2025-07-31T16:32:56+00:00\" \/>\n<meta name=\"twitter:card\" content=\"summary_large_image\" \/>\n<meta name=\"twitter:label1\" content=\"Tiempo de lectura\" \/>\n\t<meta name=\"twitter:data1\" content=\"2 minutos\" \/>\n<script type=\"application\/ld+json\" class=\"yoast-schema-graph\">{\"@context\":\"https:\\\/\\\/schema.org\",\"@graph\":[{\"@type\":\"WebPage\",\"@id\":\"https:\\\/\\\/gilamargos.com\\\/es\\\/testimoniales\",\"url\":\"https:\\\/\\\/gilamargos.com\\\/es\\\/testimoniales\",\"name\":\"Opiniones sobre gesti\u00f3n inmobiliaria en Barcelona\",\"isPartOf\":{\"@id\":\"https:\\\/\\\/gilamargos.com\\\/es#website\"},\"datePublished\":\"2023-02-21T11:13:58+00:00\",\"dateModified\":\"2025-07-31T16:32:56+00:00\",\"description\":\"Descubre opiniones reales sobre gesti\u00f3n inmobiliaria en Barcelona. Conoce experiencias de clientes y elige la mejor inmobiliaria con confianza.\",\"breadcrumb\":{\"@id\":\"https:\\\/\\\/gilamargos.com\\\/es\\\/testimoniales#breadcrumb\"},\"inLanguage\":\"es\",\"potentialAction\":[{\"@type\":\"ReadAction\",\"target\":[\"https:\\\/\\\/gilamargos.com\\\/es\\\/testimoniales\"]}]},{\"@type\":\"BreadcrumbList\",\"@id\":\"https:\\\/\\\/gilamargos.com\\\/es\\\/testimoniales#breadcrumb\",\"itemListElement\":[{\"@type\":\"ListItem\",\"position\":1,\"name\":\"Home\",\"item\":\"https:\\\/\\\/gilamargos.com\\\/es\"},{\"@type\":\"ListItem\",\"position\":2,\"name\":\"Testimoniales\"}]},{\"@type\":\"WebSite\",\"@id\":\"https:\\\/\\\/gilamargos.com\\\/es#website\",\"url\":\"https:\\\/\\\/gilamargos.com\\\/es\",\"name\":\"Administradors Finques y Gestors Patrimoni Gil Amarg\u00f3s\",\"description\":\"\",\"publisher\":{\"@id\":\"https:\\\/\\\/gilamargos.com\\\/es#organization\"},\"potentialAction\":[{\"@type\":\"SearchAction\",\"target\":{\"@type\":\"EntryPoint\",\"urlTemplate\":\"https:\\\/\\\/gilamargos.com\\\/es?s={search_term_string}\"},\"query-input\":{\"@type\":\"PropertyValueSpecification\",\"valueRequired\":true,\"valueName\":\"search_term_string\"}}],\"inLanguage\":\"es\"},{\"@type\":\"Organization\",\"@id\":\"https:\\\/\\\/gilamargos.com\\\/es#organization\",\"name\":\"Gil Amarg\u00f3s\",\"url\":\"https:\\\/\\\/gilamargos.com\\\/es\",\"logo\":{\"@type\":\"ImageObject\",\"inLanguage\":\"es\",\"@id\":\"https:\\\/\\\/gilamargos.com\\\/es#\\\/schema\\\/logo\\\/image\\\/\",\"url\":\"https:\\\/\\\/gilamargos.com\\\/wp-content\\\/uploads\\\/2025\\\/07\\\/GIL_AMARGOS_color_ok_size.png\",\"contentUrl\":\"https:\\\/\\\/gilamargos.com\\\/wp-content\\\/uploads\\\/2025\\\/07\\\/GIL_AMARGOS_color_ok_size.png\",\"width\":240,\"height\":60,\"caption\":\"Gil Amarg\u00f3s\"},\"image\":{\"@id\":\"https:\\\/\\\/gilamargos.com\\\/es#\\\/schema\\\/logo\\\/image\\\/\"},\"sameAs\":[\"https:\\\/\\\/www.facebook.com\\\/gilamargos\",\"https:\\\/\\\/www.linkedin.com\\\/company\\\/gil-amargs\\\/?originalSubdomain=es\",\"https:\\\/\\\/www.instagram.com\\\/gilamargos\\\/\"]}]}<\/script>\n<!-- \/ Yoast SEO plugin. -->","yoast_head_json":{"title":"Opiniones sobre gesti\u00f3n inmobiliaria en Barcelona","description":"Descubre opiniones reales sobre gesti\u00f3n inmobiliaria en Barcelona. Conoce experiencias de clientes y elige la mejor inmobiliaria con confianza.","robots":{"index":"index","follow":"follow","max-snippet":"max-snippet:-1","max-image-preview":"max-image-preview:large","max-video-preview":"max-video-preview:-1"},"canonical":"https:\/\/gilamargos.com\/es\/testimoniales","og_locale":"es_ES","og_type":"article","og_title":"Opiniones sobre gesti\u00f3n inmobiliaria en Barcelona","og_description":"Descubre opiniones reales sobre gesti\u00f3n inmobiliaria en Barcelona. Conoce experiencias de clientes y elige la mejor inmobiliaria con confianza.","og_url":"https:\/\/gilamargos.com\/es\/testimoniales","og_site_name":"Gil Amarg\u00f3s","article_publisher":"https:\/\/www.facebook.com\/gilamargos","article_modified_time":"2025-07-31T16:32:56+00:00","twitter_card":"summary_large_image","twitter_misc":{"Tiempo de lectura":"2 minutos"},"schema":{"@context":"https:\/\/schema.org","@graph":[{"@type":"WebPage","@id":"https:\/\/gilamargos.com\/es\/testimoniales","url":"https:\/\/gilamargos.com\/es\/testimoniales","name":"Opiniones sobre gesti\u00f3n inmobiliaria en Barcelona","isPartOf":{"@id":"https:\/\/gilamargos.com\/es#website"},"datePublished":"2023-02-21T11:13:58+00:00","dateModified":"2025-07-31T16:32:56+00:00","description":"Descubre opiniones reales sobre gesti\u00f3n inmobiliaria en Barcelona. Conoce experiencias de clientes y elige la mejor inmobiliaria con confianza.","breadcrumb":{"@id":"https:\/\/gilamargos.com\/es\/testimoniales#breadcrumb"},"inLanguage":"es","potentialAction":[{"@type":"ReadAction","target":["https:\/\/gilamargos.com\/es\/testimoniales"]}]},{"@type":"BreadcrumbList","@id":"https:\/\/gilamargos.com\/es\/testimoniales#breadcrumb","itemListElement":[{"@type":"ListItem","position":1,"name":"Home","item":"https:\/\/gilamargos.com\/es"},{"@type":"ListItem","position":2,"name":"Testimoniales"}]},{"@type":"WebSite","@id":"https:\/\/gilamargos.com\/es#website","url":"https:\/\/gilamargos.com\/es","name":"Administradors Finques y Gestors Patrimoni Gil Amarg\u00f3s","description":"","publisher":{"@id":"https:\/\/gilamargos.com\/es#organization"},"potentialAction":[{"@type":"SearchAction","target":{"@type":"EntryPoint","urlTemplate":"https:\/\/gilamargos.com\/es?s={search_term_string}"},"query-input":{"@type":"PropertyValueSpecification","valueRequired":true,"valueName":"search_term_string"}}],"inLanguage":"es"},{"@type":"Organization","@id":"https:\/\/gilamargos.com\/es#organization","name":"Gil Amarg\u00f3s","url":"https:\/\/gilamargos.com\/es","logo":{"@type":"ImageObject","inLanguage":"es","@id":"https:\/\/gilamargos.com\/es#\/schema\/logo\/image\/","url":"https:\/\/gilamargos.com\/wp-content\/uploads\/2025\/07\/GIL_AMARGOS_color_ok_size.png","contentUrl":"https:\/\/gilamargos.com\/wp-content\/uploads\/2025\/07\/GIL_AMARGOS_color_ok_size.png","width":240,"height":60,"caption":"Gil Amarg\u00f3s"},"image":{"@id":"https:\/\/gilamargos.com\/es#\/schema\/logo\/image\/"},"sameAs":["https:\/\/www.facebook.com\/gilamargos","https:\/\/www.linkedin.com\/company\/gil-amargs\/?originalSubdomain=es","https:\/\/www.instagram.com\/gilamargos\/"]}]}},"_links":{"self":[{"href":"https:\/\/gilamargos.com\/es\/wp-json\/wp\/v2\/pages\/18822","targetHints":{"allow":["GET"]}}],"collection":[{"href":"https:\/\/gilamargos.com\/es\/wp-json\/wp\/v2\/pages"}],"about":[{"href":"https:\/\/gilamargos.com\/es\/wp-json\/wp\/v2\/types\/page"}],"author":[{"embeddable":true,"href":"https:\/\/gilamargos.com\/es\/wp-json\/wp\/v2\/users\/1"}],"replies":[{"embeddable":true,"href":"https:\/\/gilamargos.com\/es\/wp-json\/wp\/v2\/comments?post=18822"}],"version-history":[{"count":15,"href":"https:\/\/gilamargos.com\/es\/wp-json\/wp\/v2\/pages\/18822\/revisions"}],"predecessor-version":[{"id":25875,"href":"https:\/\/gilamargos.com\/es\/wp-json\/wp\/v2\/pages\/18822\/revisions\/25875"}],"wp:attachment":[{"href":"https:\/\/gilamargos.com\/es\/wp-json\/wp\/v2\/media?parent=18822"}],"curies":[{"name":"wp","href":"https:\/\/api.w.org\/{rel}","templated":true}]}}