{"id":18820,"date":"2023-02-21T09:44:30","date_gmt":"2023-02-21T09:44:30","guid":{"rendered":"https:\/\/gilamargos.com\/politica-de-privacidad\/"},"modified":"2023-02-27T15:03:29","modified_gmt":"2023-02-27T15:03:29","slug":"politica-de-privacidad","status":"publish","type":"page","link":"https:\/\/gilamargos.com\/es\/politica-de-privacidad","title":{"rendered":"Pol\u00edtica de privacidad"},"content":{"rendered":"\t\t<div data-elementor-type=\"wp-page\" data-elementor-id=\"18820\" class=\"elementor elementor-18820 elementor-18172\" data-elementor-post-type=\"page\">\n\t\t\t\t\t\t<section class=\"elementor-section elementor-top-section elementor-element elementor-element-7de1bca elementor-section-full_width elementor-section-height-default elementor-section-height-default\" data-id=\"7de1bca\" data-element_type=\"section\" data-e-type=\"section\" data-settings=\"{&quot;background_background&quot;:&quot;classic&quot;}\">\n\t\t\t\t\t\t\t<div class=\"elementor-background-overlay\"><\/div>\n\t\t\t\t\t\t\t<div class=\"elementor-container elementor-column-gap-default\">\n\t\t\t\t\t<div class=\"elementor-column elementor-col-100 elementor-top-column elementor-element elementor-element-b896568\" data-id=\"b896568\" data-element_type=\"column\" data-e-type=\"column\">\n\t\t\t<div class=\"elementor-widget-wrap elementor-element-populated\">\n\t\t\t\t\t\t<section class=\"elementor-section elementor-inner-section elementor-element elementor-element-0a7a2d5 elementor-section-boxed elementor-section-height-default elementor-section-height-default\" data-id=\"0a7a2d5\" data-element_type=\"section\" data-e-type=\"section\">\n\t\t\t\t\t\t<div class=\"elementor-container elementor-column-gap-default\">\n\t\t\t\t\t<div class=\"elementor-column elementor-col-100 elementor-inner-column elementor-element elementor-element-c15d780\" data-id=\"c15d780\" data-element_type=\"column\" data-e-type=\"column\">\n\t\t\t<div class=\"elementor-widget-wrap elementor-element-populated\">\n\t\t\t\t\t\t<div class=\"elementor-element elementor-element-71734e1 elementor-widget elementor-widget-heading\" data-id=\"71734e1\" data-element_type=\"widget\" data-e-type=\"widget\" data-widget_type=\"heading.default\">\n\t\t\t\t<div class=\"elementor-widget-container\">\n\t\t\t\t\t<h2 class=\"elementor-heading-title elementor-size-default\">Pol\u00edtica de privacidad<\/h2>\t\t\t\t<\/div>\n\t\t\t\t<\/div>\n\t\t\t\t\t<\/div>\n\t\t<\/div>\n\t\t\t\t\t<\/div>\n\t\t<\/section>\n\t\t\t\t\t<\/div>\n\t\t<\/div>\n\t\t\t\t\t<\/div>\n\t\t<\/section>\n\t\t\t\t<section class=\"elementor-section elementor-top-section elementor-element elementor-element-09038dc elementor-section-boxed elementor-section-height-default elementor-section-height-default\" data-id=\"09038dc\" data-element_type=\"section\" data-e-type=\"section\" data-settings=\"{&quot;background_background&quot;:&quot;classic&quot;}\">\n\t\t\t\t\t\t<div class=\"elementor-container elementor-column-gap-default\">\n\t\t\t\t\t<div class=\"elementor-column elementor-col-100 elementor-top-column elementor-element elementor-element-c8278ac\" data-id=\"c8278ac\" data-element_type=\"column\" data-e-type=\"column\">\n\t\t\t<div class=\"elementor-widget-wrap elementor-element-populated\">\n\t\t\t\t\t\t<div class=\"elementor-element elementor-element-808844d elementor-widget elementor-widget-text-editor\" data-id=\"808844d\" data-element_type=\"widget\" data-e-type=\"widget\" data-widget_type=\"text-editor.default\">\n\t\t\t\t<div class=\"elementor-widget-container\">\n\t\t\t\t\t\t\t\t\t<div class=\"container\"> <\/div>\n<article id=\"post-285\" class=\"clearfix post-285 page type-page status-publish hentry\" role=\"article\">\n<section class=\"page-content entry-content clearfix\">\n<p>A trav\u00e9s de este sitio web no se recaudan datos de car\u00e1cter personal de los usuarios sin su conocimiento, ni se ceden a terceros.<\/p>\n<p>Con el fin de ofrecerle el mejor servicio y con el objeto de facilitar el uso, se analizan el n\u00famero de p\u00e1ginas visitadas, el n\u00famero de visitas, as\u00ed como la actividad de los visitantes y su frecuencia de utilizaci\u00f3n. A estos efectos, GIL AMARG\u00d3S GESTI\u00d3N PATRIMONIAL S.L. utiliza la informaci\u00f3n estad\u00edstica elaborada por el Proveedor de Servicios de Internet.<\/p>\n<p>GIL AMARG\u00d3S GESTI\u00d3N PATRIMONIAL S.L. no utiliza cookies para recoger informaci\u00f3n de los usuarios, ni registra las dirijas IP de acceso. \u00danicamente se utilizan cookies propias, de sesi\u00f3n, con finalidad t\u00e9cnica (aquellas que permiten al usuario la navegaci\u00f3n a trav\u00e9s del sitio web y la utilizaci\u00f3n de las diferentes opciones y servicios que en ella existen).<\/p>\n<p>El portal del que es titular GIL AMARG\u00d3S GESTI\u00d3N PATRIMONIAL S.L. contiene enlaces a sitios web de terceros, que sus pol\u00edticas de privacidad son ajenas a la de GIL AMARG\u00d3S GESTI\u00d3N PATRIMONIAL S.L. . Al acceder a tales sitios web usted puede decidir si acepta sus pol\u00edticas de privacidad y de cookies. A todos los efectos, si navega por internet usted puede aceptar o rechazar las cookies de terceros desde las opciones de configuraci\u00f3n de su navegador.<\/p>\n<p>En cumplimiento del previsto por el art\u00edculo 5 de la LOPD, se informa que los datos de car\u00e1cter personal que se recaudan directamente del usuario a trav\u00e9s de los diferentes recursos disponibles al portal, ser\u00e1n tratados de forma confidencial y quedar\u00e1n incorporados a los respectivos ficheros de los cuales es responsable GIL AMARG\u00d3S GESTI\u00d3N PATRIMONIAL S.L. , con las finalidades que se detallan en el Registro General de Protecci\u00f3n de Datos no siente utilizados para finalidades incompatibles con estas. Los datos recaudados podr\u00e1n ser cedidos en los casos previstos, para cada fichero, en este Registro.<\/p>\n<p>Los afectados pueden ejercitar los derechos de acceso, rectificaci\u00f3n, cancelaci\u00f3n y oposici\u00f3n ante GIL AMARG\u00d3S GESTI\u00d3N PATRIMONIAL S.L. , mediante escrito dirigido a su direcci\u00f3n fiscal, en la calle Grande V\u00eda de las Cortes Catalanas, 522 planta PL, 08011 de Barcelona.<\/p>\n<\/section>\n<\/article>\n\t\t\t\t\t\t\t\t<\/div>\n\t\t\t\t<\/div>\n\t\t\t\t\t<\/div>\n\t\t<\/div>\n\t\t\t\t\t<\/div>\n\t\t<\/section>\n\t\t\t\t<section class=\"elementor-section elementor-top-section elementor-element elementor-element-c711179 elementor-section-full_width elementor-section-height-default elementor-section-height-default\" data-id=\"c711179\" data-element_type=\"section\" data-e-type=\"section\" data-settings=\"{&quot;background_background&quot;:&quot;classic&quot;}\">\n\t\t\t\t\t\t<div class=\"elementor-container elementor-column-gap-default\">\n\t\t\t\t\t<div class=\"elementor-column elementor-col-100 elementor-top-column elementor-element elementor-element-d8e09cc\" data-id=\"d8e09cc\" data-element_type=\"column\" data-e-type=\"column\">\n\t\t\t<div class=\"elementor-widget-wrap elementor-element-populated\">\n\t\t\t\t\t\t<section class=\"elementor-section elementor-inner-section elementor-element elementor-element-3275e7f elementor-section-boxed elementor-section-height-default elementor-section-height-default\" data-id=\"3275e7f\" data-element_type=\"section\" data-e-type=\"section\" data-settings=\"{&quot;background_background&quot;:&quot;classic&quot;}\">\n\t\t\t\t\t\t<div class=\"elementor-container elementor-column-gap-default\">\n\t\t\t\t\t<div class=\"elementor-column elementor-col-100 elementor-inner-column elementor-element elementor-element-e39e689\" data-id=\"e39e689\" data-element_type=\"column\" data-e-type=\"column\">\n\t\t\t<div class=\"elementor-widget-wrap elementor-element-populated\">\n\t\t\t\t\t\t<div class=\"elementor-element elementor-element-fee6425 elementor-widget elementor-widget-heading\" data-id=\"fee6425\" data-element_type=\"widget\" data-e-type=\"widget\" data-widget_type=\"heading.default\">\n\t\t\t\t<div class=\"elementor-widget-container\">\n\t\t\t\t\t<h3 class=\"elementor-heading-title elementor-size-default\">\u00bfQUER\u00c9IS VENDER O ALQUILAR UNA PROPIEDAD?<\/h3>\t\t\t\t<\/div>\n\t\t\t\t<\/div>\n\t\t\t\t<div class=\"elementor-element elementor-element-65eb892 elementor-widget elementor-widget-text-editor\" data-id=\"65eb892\" data-element_type=\"widget\" data-e-type=\"widget\" data-widget_type=\"text-editor.default\">\n\t\t\t\t<div class=\"elementor-widget-container\">\n\t\t\t\t\t\t\t\t\t<p style=\"text-align: center;\">Con Gil Amarg\u00f3s seguro que har\u00e1s un buen negocio<br \/>Preg\u00fantanos todo lo que quieras saber, te responderemos:<\/p>\n\t\t\t\t\t\t\t\t<\/div>\n\t\t\t\t<\/div>\n\t\t\t\t<div class=\"elementor-element elementor-element-c99da21 elementor-button-align-center elementor-widget elementor-widget-houzez_elementor_contact_form\" data-id=\"c99da21\" data-element_type=\"widget\" data-e-type=\"widget\" data-widget_type=\"houzez_elementor_contact_form.default\">\n\t\t\t\t<div class=\"elementor-widget-container\">\n\t\t\t\t\t\n        <script type=\"application\/javascript\">\n            jQuery(document).bind(\"ready\", function () {\n                houzezValidateElementor(\"#houzez-form-c99da21\" );\n            });\n        <\/script>\n\n        <form class=\"elementor-form houzez-ele-form-js\" id=\"houzez-form-c99da21\" method=\"post\" name=\"Formulario\" action=\"https:\/\/gilamargos.com\/wp-admin\/admin-ajax.php\">\n            <input type=\"hidden\" name=\"form_id\" value=\"c99da21\"\/>\n            <input type=\"hidden\" name=\"houzez_contact_form\" value=\"yes\"\/>\n            <input type=\"hidden\" name=\"action\" value=\"houzez_ele_contact_form\" \/>\n            <input type=\"hidden\" name=\"source_link\" value=\"https:\/\/gilamargos.com\/es\/politica-de-privacidad\" \/>\n            <input type=\"hidden\" name=\"lead_page_id\" value=\"18820\" \/>\n            <input type=\"hidden\" name=\"webhook\" value=\"false\" \/>\n            <input type=\"hidden\" name=\"webhook_url\" value=\"\" \/>\n            <input type=\"hidden\" name=\"redirect_to\" value=\"\" \/>\n            <input type=\"hidden\" name=\"google_recaptcha\" value=\"false\" \/>\n            \n\n            <div class=\"elementor-form-fields-wrapper elementor-labels-above\">\n\n                                    <div class=\"elementor-field-group elementor-column form-group elementor-field-group-name elementor-col-100\">\n                    <input type=\"text\" name=\"name\" id=\"form-field-name\" class=\"elementor-field form-control elementor-size-sm elementor-field-textual\" placeholder=\"Nombre\" title=\"* Nombre\">                    <\/div>\n\n                                        <div class=\"elementor-field-group elementor-column form-group elementor-field-group-email elementor-col-100 elementor-field-required\">\n                    <input type=\"email\" name=\"email\" id=\"form-field-email\" class=\"elementor-field form-control elementor-size-sm elementor-field-textual\" placeholder=\"Correo electr\u00f3nico\" title=\"* Correo electr\u00f3nico\" required=\"required\">                    <\/div>\n\n                                        <div class=\"elementor-field-group elementor-column form-group elementor-field-group-message elementor-col-100\">\n                    <textarea class=\"elementor-field-textual elementor-field elementor-size-sm\" name=\"message\" id=\"form-field-message\" rows=\"4\" placeholder=\"Mensaje\"><\/textarea>                    <\/div>\n\n                    \n                    \n                    \n                    \n                    <div class=\"elementor-field-group elementor-column elementor-field-type-submit elementor-col-100\">\n                    <button type=\"submit\" class=\"houzez-submit-button houzez-contact-form-js elementor-button elementor-size-sm\">\n                        <i class=\"houzez-loader-js houzez-hidden spinner-border spinner-border-sm\"><\/i>\n                                                    Enviar                                            <\/button>\n                <\/div>\n            <\/div><!-- End wrapper-->\n            <br\/>\n            <div class=\"ele-form-messages\"><\/div>\n            <div class=\"error-container\"><\/div>\n\n        <\/form>\n\n    \t\t\t\t<\/div>\n\t\t\t\t<\/div>\n\t\t\t\t\t<\/div>\n\t\t<\/div>\n\t\t\t\t\t<\/div>\n\t\t<\/section>\n\t\t\t\t\t<\/div>\n\t\t<\/div>\n\t\t\t\t\t<\/div>\n\t\t<\/section>\n\t\t\t\t<\/div>\n\t\t","protected":false},"excerpt":{"rendered":"<p>Pol\u00edtica de privacidad A trav\u00e9s de este sitio web no se recaudan datos de car\u00e1cter personal de los usuarios sin su conocimiento, ni se ceden a terceros. Con el fin de ofrecerle el mejor servicio y con el objeto de facilitar el uso, se analizan el n\u00famero de p\u00e1ginas visitadas, el n\u00famero de visitas, as\u00ed [&hellip;]<\/p>\n","protected":false},"author":1,"featured_media":0,"parent":0,"menu_order":0,"comment_status":"closed","ping_status":"closed","template":"template\/template-homepage.php","meta":{"footnotes":""},"class_list":["post-18820","page","type-page","status-publish","hentry"],"yoast_head":"<!-- This site is optimized with the Yoast SEO plugin v27.3 - https:\/\/yoast.com\/product\/yoast-seo-wordpress\/ -->\n<title>Pol\u00edtica de privacidad - Gil Amarg\u00f3s<\/title>\n<meta name=\"robots\" content=\"index, follow, max-snippet:-1, max-image-preview:large, max-video-preview:-1\" \/>\n<link rel=\"canonical\" href=\"https:\/\/gilamargos.com\/es\/politica-de-privacidad\" \/>\n<meta property=\"og:locale\" content=\"es_ES\" \/>\n<meta property=\"og:type\" content=\"article\" \/>\n<meta property=\"og:title\" content=\"Pol\u00edtica de privacidad - Gil Amarg\u00f3s\" \/>\n<meta property=\"og:description\" content=\"Pol\u00edtica de privacidad A trav\u00e9s de este sitio web no se recaudan datos de car\u00e1cter personal de los usuarios sin su conocimiento, ni se ceden a terceros. Con el fin de ofrecerle el mejor servicio y con el objeto de facilitar el uso, se analizan el n\u00famero de p\u00e1ginas visitadas, el n\u00famero de visitas, as\u00ed [&hellip;]\" \/>\n<meta property=\"og:url\" content=\"https:\/\/gilamargos.com\/es\/politica-de-privacidad\" \/>\n<meta property=\"og:site_name\" content=\"Gil Amarg\u00f3s\" \/>\n<meta property=\"article:publisher\" content=\"https:\/\/www.facebook.com\/gilamargos\" \/>\n<meta property=\"article:modified_time\" content=\"2023-02-27T15:03:29+00:00\" \/>\n<meta name=\"twitter:card\" content=\"summary_large_image\" \/>\n<meta name=\"twitter:label1\" content=\"Tiempo de lectura\" \/>\n\t<meta name=\"twitter:data1\" content=\"2 minutos\" \/>\n<script type=\"application\/ld+json\" class=\"yoast-schema-graph\">{\"@context\":\"https:\\\/\\\/schema.org\",\"@graph\":[{\"@type\":\"WebPage\",\"@id\":\"https:\\\/\\\/gilamargos.com\\\/es\\\/politica-de-privacidad\",\"url\":\"https:\\\/\\\/gilamargos.com\\\/es\\\/politica-de-privacidad\",\"name\":\"Pol\u00edtica de privacidad - Gil Amarg\u00f3s\",\"isPartOf\":{\"@id\":\"https:\\\/\\\/gilamargos.com\\\/es#website\"},\"datePublished\":\"2023-02-21T09:44:30+00:00\",\"dateModified\":\"2023-02-27T15:03:29+00:00\",\"breadcrumb\":{\"@id\":\"https:\\\/\\\/gilamargos.com\\\/es\\\/politica-de-privacidad#breadcrumb\"},\"inLanguage\":\"es\",\"potentialAction\":[{\"@type\":\"ReadAction\",\"target\":[\"https:\\\/\\\/gilamargos.com\\\/es\\\/politica-de-privacidad\"]}]},{\"@type\":\"BreadcrumbList\",\"@id\":\"https:\\\/\\\/gilamargos.com\\\/es\\\/politica-de-privacidad#breadcrumb\",\"itemListElement\":[{\"@type\":\"ListItem\",\"position\":1,\"name\":\"Home\",\"item\":\"https:\\\/\\\/gilamargos.com\\\/es\"},{\"@type\":\"ListItem\",\"position\":2,\"name\":\"Pol\u00edtica de privacidad\"}]},{\"@type\":\"WebSite\",\"@id\":\"https:\\\/\\\/gilamargos.com\\\/es#website\",\"url\":\"https:\\\/\\\/gilamargos.com\\\/es\",\"name\":\"Administradors Finques y Gestors Patrimoni Gil Amarg\u00f3s\",\"description\":\"\",\"publisher\":{\"@id\":\"https:\\\/\\\/gilamargos.com\\\/es#organization\"},\"potentialAction\":[{\"@type\":\"SearchAction\",\"target\":{\"@type\":\"EntryPoint\",\"urlTemplate\":\"https:\\\/\\\/gilamargos.com\\\/es?s={search_term_string}\"},\"query-input\":{\"@type\":\"PropertyValueSpecification\",\"valueRequired\":true,\"valueName\":\"search_term_string\"}}],\"inLanguage\":\"es\"},{\"@type\":\"Organization\",\"@id\":\"https:\\\/\\\/gilamargos.com\\\/es#organization\",\"name\":\"Gil Amarg\u00f3s\",\"url\":\"https:\\\/\\\/gilamargos.com\\\/es\",\"logo\":{\"@type\":\"ImageObject\",\"inLanguage\":\"es\",\"@id\":\"https:\\\/\\\/gilamargos.com\\\/es#\\\/schema\\\/logo\\\/image\\\/\",\"url\":\"https:\\\/\\\/gilamargos.com\\\/wp-content\\\/uploads\\\/2025\\\/07\\\/GIL_AMARGOS_color_ok_size.png\",\"contentUrl\":\"https:\\\/\\\/gilamargos.com\\\/wp-content\\\/uploads\\\/2025\\\/07\\\/GIL_AMARGOS_color_ok_size.png\",\"width\":240,\"height\":60,\"caption\":\"Gil Amarg\u00f3s\"},\"image\":{\"@id\":\"https:\\\/\\\/gilamargos.com\\\/es#\\\/schema\\\/logo\\\/image\\\/\"},\"sameAs\":[\"https:\\\/\\\/www.facebook.com\\\/gilamargos\",\"https:\\\/\\\/www.linkedin.com\\\/company\\\/gil-amargs\\\/?originalSubdomain=es\",\"https:\\\/\\\/www.instagram.com\\\/gilamargos\\\/\"]}]}<\/script>\n<!-- \/ Yoast SEO plugin. -->","yoast_head_json":{"title":"Pol\u00edtica de privacidad - Gil Amarg\u00f3s","robots":{"index":"index","follow":"follow","max-snippet":"max-snippet:-1","max-image-preview":"max-image-preview:large","max-video-preview":"max-video-preview:-1"},"canonical":"https:\/\/gilamargos.com\/es\/politica-de-privacidad","og_locale":"es_ES","og_type":"article","og_title":"Pol\u00edtica de privacidad - Gil Amarg\u00f3s","og_description":"Pol\u00edtica de privacidad A trav\u00e9s de este sitio web no se recaudan datos de car\u00e1cter personal de los usuarios sin su conocimiento, ni se ceden a terceros. Con el fin de ofrecerle el mejor servicio y con el objeto de facilitar el uso, se analizan el n\u00famero de p\u00e1ginas visitadas, el n\u00famero de visitas, as\u00ed [&hellip;]","og_url":"https:\/\/gilamargos.com\/es\/politica-de-privacidad","og_site_name":"Gil Amarg\u00f3s","article_publisher":"https:\/\/www.facebook.com\/gilamargos","article_modified_time":"2023-02-27T15:03:29+00:00","twitter_card":"summary_large_image","twitter_misc":{"Tiempo de lectura":"2 minutos"},"schema":{"@context":"https:\/\/schema.org","@graph":[{"@type":"WebPage","@id":"https:\/\/gilamargos.com\/es\/politica-de-privacidad","url":"https:\/\/gilamargos.com\/es\/politica-de-privacidad","name":"Pol\u00edtica de privacidad - Gil Amarg\u00f3s","isPartOf":{"@id":"https:\/\/gilamargos.com\/es#website"},"datePublished":"2023-02-21T09:44:30+00:00","dateModified":"2023-02-27T15:03:29+00:00","breadcrumb":{"@id":"https:\/\/gilamargos.com\/es\/politica-de-privacidad#breadcrumb"},"inLanguage":"es","potentialAction":[{"@type":"ReadAction","target":["https:\/\/gilamargos.com\/es\/politica-de-privacidad"]}]},{"@type":"BreadcrumbList","@id":"https:\/\/gilamargos.com\/es\/politica-de-privacidad#breadcrumb","itemListElement":[{"@type":"ListItem","position":1,"name":"Home","item":"https:\/\/gilamargos.com\/es"},{"@type":"ListItem","position":2,"name":"Pol\u00edtica de privacidad"}]},{"@type":"WebSite","@id":"https:\/\/gilamargos.com\/es#website","url":"https:\/\/gilamargos.com\/es","name":"Administradors Finques y Gestors Patrimoni Gil Amarg\u00f3s","description":"","publisher":{"@id":"https:\/\/gilamargos.com\/es#organization"},"potentialAction":[{"@type":"SearchAction","target":{"@type":"EntryPoint","urlTemplate":"https:\/\/gilamargos.com\/es?s={search_term_string}"},"query-input":{"@type":"PropertyValueSpecification","valueRequired":true,"valueName":"search_term_string"}}],"inLanguage":"es"},{"@type":"Organization","@id":"https:\/\/gilamargos.com\/es#organization","name":"Gil Amarg\u00f3s","url":"https:\/\/gilamargos.com\/es","logo":{"@type":"ImageObject","inLanguage":"es","@id":"https:\/\/gilamargos.com\/es#\/schema\/logo\/image\/","url":"https:\/\/gilamargos.com\/wp-content\/uploads\/2025\/07\/GIL_AMARGOS_color_ok_size.png","contentUrl":"https:\/\/gilamargos.com\/wp-content\/uploads\/2025\/07\/GIL_AMARGOS_color_ok_size.png","width":240,"height":60,"caption":"Gil Amarg\u00f3s"},"image":{"@id":"https:\/\/gilamargos.com\/es#\/schema\/logo\/image\/"},"sameAs":["https:\/\/www.facebook.com\/gilamargos","https:\/\/www.linkedin.com\/company\/gil-amargs\/?originalSubdomain=es","https:\/\/www.instagram.com\/gilamargos\/"]}]}},"_links":{"self":[{"href":"https:\/\/gilamargos.com\/es\/wp-json\/wp\/v2\/pages\/18820","targetHints":{"allow":["GET"]}}],"collection":[{"href":"https:\/\/gilamargos.com\/es\/wp-json\/wp\/v2\/pages"}],"about":[{"href":"https:\/\/gilamargos.com\/es\/wp-json\/wp\/v2\/types\/page"}],"author":[{"embeddable":true,"href":"https:\/\/gilamargos.com\/es\/wp-json\/wp\/v2\/users\/1"}],"replies":[{"embeddable":true,"href":"https:\/\/gilamargos.com\/es\/wp-json\/wp\/v2\/comments?post=18820"}],"version-history":[{"count":1,"href":"https:\/\/gilamargos.com\/es\/wp-json\/wp\/v2\/pages\/18820\/revisions"}],"predecessor-version":[{"id":18821,"href":"https:\/\/gilamargos.com\/es\/wp-json\/wp\/v2\/pages\/18820\/revisions\/18821"}],"wp:attachment":[{"href":"https:\/\/gilamargos.com\/es\/wp-json\/wp\/v2\/media?parent=18820"}],"curies":[{"name":"wp","href":"https:\/\/api.w.org\/{rel}","templated":true}]}}